{"id":4990,"date":"2025-03-28T17:16:26","date_gmt":"2025-03-28T20:16:26","guid":{"rendered":"https:\/\/khanguru.store\/pneus\/?post_type=product&#038;p=4990"},"modified":"2025-05-17T22:32:58","modified_gmt":"2025-05-18T01:32:58","slug":"pneu-205-75-16c-constancy","status":"publish","type":"product","link":"https:\/\/khanguru.store\/pneus\/produto\/pneu-205-75-16c-constancy\/","title":{"rendered":"Pneu 205\/75\/16C   Constancy"},"content":{"rendered":"<p>Pneus de <strong>lote<\/strong> de 150 pneus | Podem estar na categoria<\/p>\n<p>-Pneus Novos com prazo de validade vencidos | sem garantia<\/p>\n<p>-Pneus Meia Vida Bons | sem garantia<\/p>\n<p><strong>Por que est\u00e3o baratos esses pneus?<\/strong><\/p>\n<p>S\u00e3o pneus comprados em lote fechado de: empresa falida, despacho de estoque, queima de estoque, promo\u00e7\u00f5es, vitrine, amostra, lotes de lojas e centro automotivo, Arrematados<\/p>\n<p>Por isso \u00e9 muito importante, confirme o estoque e tire suas d\u00favidas, com o comprador antes de comprar.<\/p>\n<p>Confirme <strong>Frete<\/strong>, prazo de entrega, forma de pagamento.<\/p>\n","protected":false},"excerpt":{"rendered":"<ul>\n<li>Pneus Novos<\/li>\n<li>Pneu\u00a0 Constancy<\/li>\n<li>LY366<\/li>\n<\/ul>\n","protected":false},"featured_media":4991,"comment_status":"open","ping_status":"closed","template":"","meta":[],"product_brand":[],"product_cat":[136,122,132,104,93,92,86,84,50],"product_tag":[165,163,146,161,166,152,147,160,164],"class_list":{"0":"post-4990","1":"product","2":"type-product","3":"status-publish","4":"has-post-thumbnail","6":"product_cat-136","7":"product_cat-205-75-16","8":"product_cat-aro","9":"product_cat-constancy","10":"product_cat-marcas","11":"product_cat-medidas","12":"product_cat-mtc","13":"product_cat-novos","14":"product_cat-pneus","15":"product_tag-astral","16":"product_tag-goform","17":"product_tag-mercado-livre","18":"product_tag-mercadolivre","19":"product_tag-onyx","20":"product_tag-pirelli","21":"product_tag-pneus","22":"product_tag-pneustone","23":"product_tag-tornel","26":"instock","27":"sale","28":"featured","29":"shipping-taxable","30":"purchasable","31":"product-type-simple"},"_links":{"self":[{"href":"https:\/\/khanguru.store\/pneus\/wp-json\/wp\/v2\/product\/4990","targetHints":{"allow":["GET"]}}],"collection":[{"href":"https:\/\/khanguru.store\/pneus\/wp-json\/wp\/v2\/product"}],"about":[{"href":"https:\/\/khanguru.store\/pneus\/wp-json\/wp\/v2\/types\/product"}],"replies":[{"embeddable":true,"href":"https:\/\/khanguru.store\/pneus\/wp-json\/wp\/v2\/comments?post=4990"}],"version-history":[{"count":1,"href":"https:\/\/khanguru.store\/pneus\/wp-json\/wp\/v2\/product\/4990\/revisions"}],"predecessor-version":[{"id":4993,"href":"https:\/\/khanguru.store\/pneus\/wp-json\/wp\/v2\/product\/4990\/revisions\/4993"}],"wp:featuredmedia":[{"embeddable":true,"href":"https:\/\/khanguru.store\/pneus\/wp-json\/wp\/v2\/media\/4991"}],"wp:attachment":[{"href":"https:\/\/khanguru.store\/pneus\/wp-json\/wp\/v2\/media?parent=4990"}],"wp:term":[{"taxonomy":"product_brand","embeddable":true,"href":"https:\/\/khanguru.store\/pneus\/wp-json\/wp\/v2\/product_brand?post=4990"},{"taxonomy":"product_cat","embeddable":true,"href":"https:\/\/khanguru.store\/pneus\/wp-json\/wp\/v2\/product_cat?post=4990"},{"taxonomy":"product_tag","embeddable":true,"href":"https:\/\/khanguru.store\/pneus\/wp-json\/wp\/v2\/product_tag?post=4990"}],"curies":[{"name":"wp","href":"https:\/\/api.w.org\/{rel}","templated":true}]}}