{"id":5202,"date":"2025-03-31T13:30:30","date_gmt":"2025-03-31T16:30:30","guid":{"rendered":"https:\/\/khanguru.store\/pneus\/?post_type=product&#038;p=5202"},"modified":"2025-03-31T13:57:20","modified_gmt":"2025-03-31T16:57:20","slug":"roda","status":"publish","type":"product","link":"https:\/\/khanguru.store\/pneus\/produto\/roda\/","title":{"rendered":"Roda"},"content":{"rendered":"<p><strong> Borracharia S\u00e3o Francisco<\/strong><\/p>\n<p><strong>VENDIDA<\/strong> Diogo Nobre<\/p>\n<p>Entrar em contato para poss\u00edvel entrega e valor de frete<\/p>\n<p>Rodas no estado de usada<\/p>\n","protected":false},"excerpt":{"rendered":"<p><strong>01 Roda VENDIDA Diogo Nobre\u00a0<\/strong><\/p>\n<p>Produto Usado<\/p>\n<p>Sem Pneus<\/p>\n<p>BREVE descri\u00e7\u00f5es medida e fura\u00e7\u00e3o<\/p>\n","protected":false},"featured_media":5204,"comment_status":"open","ping_status":"closed","template":"","meta":[],"product_brand":[],"product_cat":[208,33,85],"product_tag":[209,212,213,147,156,210,211],"class_list":{"0":"post-5202","1":"product","2":"type-product","3":"status-publish","4":"has-post-thumbnail","6":"product_cat-bsf","7":"product_cat-rodas","8":"product_cat-usados","9":"product_tag-borracharia","10":"product_tag-litoral","11":"product_tag-norte","12":"product_tag-pneus","13":"product_tag-rodas","14":"product_tag-sao-francisco","15":"product_tag-sao-sebastiao","18":"instock","19":"sale","20":"shipping-taxable","21":"purchasable","22":"product-type-simple"},"_links":{"self":[{"href":"https:\/\/khanguru.store\/pneus\/wp-json\/wp\/v2\/product\/5202","targetHints":{"allow":["GET"]}}],"collection":[{"href":"https:\/\/khanguru.store\/pneus\/wp-json\/wp\/v2\/product"}],"about":[{"href":"https:\/\/khanguru.store\/pneus\/wp-json\/wp\/v2\/types\/product"}],"replies":[{"embeddable":true,"href":"https:\/\/khanguru.store\/pneus\/wp-json\/wp\/v2\/comments?post=5202"}],"version-history":[{"count":1,"href":"https:\/\/khanguru.store\/pneus\/wp-json\/wp\/v2\/product\/5202\/revisions"}],"predecessor-version":[{"id":5205,"href":"https:\/\/khanguru.store\/pneus\/wp-json\/wp\/v2\/product\/5202\/revisions\/5205"}],"wp:featuredmedia":[{"embeddable":true,"href":"https:\/\/khanguru.store\/pneus\/wp-json\/wp\/v2\/media\/5204"}],"wp:attachment":[{"href":"https:\/\/khanguru.store\/pneus\/wp-json\/wp\/v2\/media?parent=5202"}],"wp:term":[{"taxonomy":"product_brand","embeddable":true,"href":"https:\/\/khanguru.store\/pneus\/wp-json\/wp\/v2\/product_brand?post=5202"},{"taxonomy":"product_cat","embeddable":true,"href":"https:\/\/khanguru.store\/pneus\/wp-json\/wp\/v2\/product_cat?post=5202"},{"taxonomy":"product_tag","embeddable":true,"href":"https:\/\/khanguru.store\/pneus\/wp-json\/wp\/v2\/product_tag?post=5202"}],"curies":[{"name":"wp","href":"https:\/\/api.w.org\/{rel}","templated":true}]}}