{"id":5233,"date":"2025-03-31T14:02:30","date_gmt":"2025-03-31T17:02:30","guid":{"rendered":"https:\/\/khanguru.store\/pneus\/?post_type=product&#038;p=5233"},"modified":"2025-03-31T14:05:32","modified_gmt":"2025-03-31T17:05:32","slug":"roda-5-furos","status":"publish","type":"product","link":"https:\/\/khanguru.store\/pneus\/produto\/roda-5-furos\/","title":{"rendered":"Roda 5 furos"},"content":{"rendered":"<p><strong> Borracharia S\u00e3o Francisco<\/strong><\/p>\n<p>Entrar em contato para poss\u00edvel entrega e valor de frete<\/p>\n<p>Rodas no estado de usada<\/p>\n","protected":false},"excerpt":{"rendered":"<p><strong>01 Roda\u00a0<\/strong><\/p>\n<p>Produto Usado<\/p>\n<p>Sem Pneus<\/p>\n<p>BREVE descri\u00e7\u00f5es medida e fura\u00e7\u00e3o<\/p>\n","protected":false},"featured_media":5234,"comment_status":"open","ping_status":"closed","template":"","meta":[],"product_brand":[],"product_cat":[208,33,85],"product_tag":[209,212,213,147,156,210,211],"class_list":{"0":"post-5233","1":"product","2":"type-product","3":"status-publish","4":"has-post-thumbnail","6":"product_cat-bsf","7":"product_cat-rodas","8":"product_cat-usados","9":"product_tag-borracharia","10":"product_tag-litoral","11":"product_tag-norte","12":"product_tag-pneus","13":"product_tag-rodas","14":"product_tag-sao-francisco","15":"product_tag-sao-sebastiao","18":"instock","19":"sale","20":"shipping-taxable","21":"purchasable","22":"product-type-simple"},"_links":{"self":[{"href":"https:\/\/khanguru.store\/pneus\/wp-json\/wp\/v2\/product\/5233","targetHints":{"allow":["GET"]}}],"collection":[{"href":"https:\/\/khanguru.store\/pneus\/wp-json\/wp\/v2\/product"}],"about":[{"href":"https:\/\/khanguru.store\/pneus\/wp-json\/wp\/v2\/types\/product"}],"replies":[{"embeddable":true,"href":"https:\/\/khanguru.store\/pneus\/wp-json\/wp\/v2\/comments?post=5233"}],"version-history":[{"count":1,"href":"https:\/\/khanguru.store\/pneus\/wp-json\/wp\/v2\/product\/5233\/revisions"}],"predecessor-version":[{"id":5236,"href":"https:\/\/khanguru.store\/pneus\/wp-json\/wp\/v2\/product\/5233\/revisions\/5236"}],"wp:featuredmedia":[{"embeddable":true,"href":"https:\/\/khanguru.store\/pneus\/wp-json\/wp\/v2\/media\/5234"}],"wp:attachment":[{"href":"https:\/\/khanguru.store\/pneus\/wp-json\/wp\/v2\/media?parent=5233"}],"wp:term":[{"taxonomy":"product_brand","embeddable":true,"href":"https:\/\/khanguru.store\/pneus\/wp-json\/wp\/v2\/product_brand?post=5233"},{"taxonomy":"product_cat","embeddable":true,"href":"https:\/\/khanguru.store\/pneus\/wp-json\/wp\/v2\/product_cat?post=5233"},{"taxonomy":"product_tag","embeddable":true,"href":"https:\/\/khanguru.store\/pneus\/wp-json\/wp\/v2\/product_tag?post=5233"}],"curies":[{"name":"wp","href":"https:\/\/api.w.org\/{rel}","templated":true}]}}