{"id":5334,"date":"2025-04-29T11:25:03","date_gmt":"2025-04-29T14:25:03","guid":{"rendered":"https:\/\/khanguru.store\/pneus\/?post_type=product&amp;p=5334"},"modified":"2025-04-29T11:25:03","modified_gmt":"2025-04-29T14:25:03","slug":"pneus-195-55-15","status":"publish","type":"product","link":"https:\/\/khanguru.store\/pneus\/produto\/pneus-195-55-15\/","title":{"rendered":"Pneus 195\/55\/15"},"content":{"rendered":"<p>Pneus de <strong>lote<\/strong> de 31 pneus | REMOLD<\/p>\n<p>-Pneus Remold\u00a0 | sem garantia | compra de lote | Queima de Estoque | casos de prazo de validade vencidos |<\/p>\n<p><span style=\"color: #ff6600;\"><strong>Pneus remold<\/strong> <\/span>\u2013 Embora ainda existam muitos mitos em torno dos pneus remoldados, \u00e9 importante esclarecer que, quando fabricados por empresas s\u00e9rias e com processos rigorosos de controle de qualidade, eles representam uma alternativa segura e eficiente. O processo come\u00e7a com a sele\u00e7\u00e3o criteriosa de carca\u00e7as usadas, que passam por uma avalia\u00e7\u00e3o minuciosa para verificar a integridade do tal\u00e3o, aus\u00eancia de furos e desgastes que exponham as malhas de a\u00e7o, al\u00e9m da verifica\u00e7\u00e3o do DOT (data de fabrica\u00e7\u00e3o), sendo aceitos apenas pneus com at\u00e9 4 anos de uso. Ap\u00f3s aprovados, os pneus recebem um novo revestimento completo, de tal\u00e3o a tal\u00e3o, utilizando compostos de alta qualidade e proced\u00eancia reconhecida, como os fornecidos por empresas como Vipal ou 3M. Quando produzidos dentro desses padr\u00f5es, os pneus remold oferecem desempenho seguro, confi\u00e1vel e com excelente custo-benef\u00edcio.<\/p>\n<p>Al\u00e9m da economia, os pneus remold modernos seguem rigorosos padr\u00f5es de qualidade, atendendo \u00e0s exig\u00eancias do Inmetro e passando por testes de resist\u00eancia, balanceamento e ader\u00eancia. Assim, o remold torna-se uma solu\u00e7\u00e3o n\u00e3o s\u00f3 economicamente vantajosa, mas tamb\u00e9m ambientalmente respons\u00e1vel, ao promover o reaproveitamento de carca\u00e7as com vida \u00fatil ainda vi\u00e1vel, reduzindo o descarte de res\u00edduos e o consumo de mat\u00e9ria-prima.<\/p>\n<p><strong>Por que est\u00e3o baratos esses pneus?<\/strong><\/p>\n<p>S\u00e3o pneus comprados em lote fechado de: empresa falida, despacho de estoque, queima de estoque, promo\u00e7\u00f5es, vitrine, amostra, lotes de lojas e centro automotivo, Arrematados<\/p>\n<p>Por isso \u00e9 muito importante, confirme o estoque e tire suas d\u00favidas, com o comprador antes de comprar.<\/p>\n<p>Confirme <strong>Frete<\/strong>, prazo de entrega, forma de pagamento.<\/p>\n<p style=\"text-align: center;\"><a href=\"https:\/\/wa.me\/c\/551232085007\"><img decoding=\"async\" class=\"aligncenter\" src=\"https:\/\/khanguru.com.br\/wp-content\/uploads\/2023\/11\/Icone_grupos.png\" width=\"37\" height=\"37\" \/><\/a><strong><span style=\"color: #ff6600;\">Whatsapp contato direto\u00a0<\/span><\/strong><\/p>\n","protected":false},"excerpt":{"rendered":"<ul>\n<li>Pneus Remold<\/li>\n<li>Pneu\u00a0 Titanium<\/li>\n<li><a href=\"https:\/\/wa.me\/c\/551232085007\"><img decoding=\"async\" class=\"aligncenter\" src=\"https:\/\/img.freepik.com\/vetores-premium\/icone-do-logotipo-do-whatsapp-circulo-aplicativo-de-midia-social-aplicativo-de-rede-marca-editorial-popular-ilustracao-vetorial_913857-391.jpg\" alt=\"Vetores de Logo Whatsapp - Baixe vetores gr\u00e1tis de alta qualidade do Freepik | Freepik\" width=\"65\" height=\"65\" \/><\/a><\/li>\n<\/ul>\n","protected":false},"featured_media":5335,"comment_status":"open","ping_status":"closed","template":"","meta":[],"product_brand":[215],"product_cat":[135,127,132,208,92,50,217],"product_tag":[165,163,218,146,161,166,152,147,160,216,164],"class_list":{"0":"post-5334","1":"product","2":"type-product","3":"status-publish","4":"has-post-thumbnail","6":"product_brand-remold","7":"product_cat-135","8":"product_cat-195-55-15","9":"product_cat-aro","10":"product_cat-bsf","11":"product_cat-medidas","12":"product_cat-pneus","13":"product_cat-remold","14":"product_tag-astral","15":"product_tag-goform","16":"product_tag-kit","17":"product_tag-mercado-livre","18":"product_tag-mercadolivre","19":"product_tag-onyx","20":"product_tag-pirelli","21":"product_tag-pneus","22":"product_tag-pneustone","23":"product_tag-remold","24":"product_tag-tornel","27":"instock","28":"sale","29":"shipping-taxable","30":"purchasable","31":"product-type-simple"},"_links":{"self":[{"href":"https:\/\/khanguru.store\/pneus\/wp-json\/wp\/v2\/product\/5334","targetHints":{"allow":["GET"]}}],"collection":[{"href":"https:\/\/khanguru.store\/pneus\/wp-json\/wp\/v2\/product"}],"about":[{"href":"https:\/\/khanguru.store\/pneus\/wp-json\/wp\/v2\/types\/product"}],"replies":[{"embeddable":true,"href":"https:\/\/khanguru.store\/pneus\/wp-json\/wp\/v2\/comments?post=5334"}],"version-history":[{"count":0,"href":"https:\/\/khanguru.store\/pneus\/wp-json\/wp\/v2\/product\/5334\/revisions"}],"wp:featuredmedia":[{"embeddable":true,"href":"https:\/\/khanguru.store\/pneus\/wp-json\/wp\/v2\/media\/5335"}],"wp:attachment":[{"href":"https:\/\/khanguru.store\/pneus\/wp-json\/wp\/v2\/media?parent=5334"}],"wp:term":[{"taxonomy":"product_brand","embeddable":true,"href":"https:\/\/khanguru.store\/pneus\/wp-json\/wp\/v2\/product_brand?post=5334"},{"taxonomy":"product_cat","embeddable":true,"href":"https:\/\/khanguru.store\/pneus\/wp-json\/wp\/v2\/product_cat?post=5334"},{"taxonomy":"product_tag","embeddable":true,"href":"https:\/\/khanguru.store\/pneus\/wp-json\/wp\/v2\/product_tag?post=5334"}],"curies":[{"name":"wp","href":"https:\/\/api.w.org\/{rel}","templated":true}]}}