{"id":5346,"date":"2025-04-29T11:49:24","date_gmt":"2025-04-29T14:49:24","guid":{"rendered":"https:\/\/khanguru.store\/pneus\/?post_type=product&amp;p=5346"},"modified":"2025-06-28T01:44:16","modified_gmt":"2025-06-28T04:44:16","slug":"kit-4pneus-205-60-15-power-max-type-ecology","status":"publish","type":"product","link":"https:\/\/khanguru.store\/pneus\/produto\/kit-4pneus-205-60-15-power-max-type-ecology\/","title":{"rendered":"kit 4Pneus 205\/60\/15 Power Max Type Ecology"},"content":{"rendered":"<p>Pneus de <strong>lote<\/strong> de 31 pneus | REMOLD<\/p>\n<p>-Pneus Remold com prazo de validade vencidos | sem garantia<\/p>\n<p><strong>Por que est\u00e3o baratos esses pneus?<\/strong><\/p>\n<p>S\u00e3o pneus comprados em lote fechado de: empresa falida, despacho de estoque, queima de estoque, promo\u00e7\u00f5es, vitrine, amostra, lotes de lojas e centro automotivo, Arrematados<\/p>\n<p>Por isso \u00e9 muito importante, confirme o estoque e tire suas d\u00favidas, com o comprador antes de comprar.<\/p>\n<p>Confirme <strong>Frete<\/strong>, prazo de entrega, forma de pagamento.<\/p>\n<p style=\"text-align: center;\"><a href=\"https:\/\/wa.me\/c\/551232085007\"><img decoding=\"async\" class=\"aligncenter\" src=\"https:\/\/khanguru.com.br\/wp-content\/uploads\/2023\/11\/Icone_grupos.png\" width=\"37\" height=\"37\" \/><\/a><strong><span style=\"color: #ff6600;\">Whatsapp contato direto\u00a0<\/span><\/strong><\/p>\n","protected":false},"excerpt":{"rendered":"<ul>\n<li>Pneus Remold<\/li>\n<li>Pneu\u00a0 Titanium<\/li>\n<li><a href=\"https:\/\/wa.me\/c\/551232085007\"><img decoding=\"async\" class=\"aligncenter\" src=\"https:\/\/img.freepik.com\/vetores-premium\/icone-do-logotipo-do-whatsapp-circulo-aplicativo-de-midia-social-aplicativo-de-rede-marca-editorial-popular-ilustracao-vetorial_913857-391.jpg\" alt=\"Vetores de Logo Whatsapp - Baixe vetores gr\u00e1tis de alta qualidade do Freepik | Freepik\" width=\"65\" height=\"65\" \/><\/a><\/li>\n<\/ul>\n","protected":false},"featured_media":5341,"comment_status":"open","ping_status":"closed","template":"","meta":[],"product_brand":[215],"product_cat":[135,220,132,208,221,92,50,217],"product_tag":[165,163,218,146,161,166,152,147,160,216,164],"class_list":{"0":"post-5346","1":"product","2":"type-product","3":"status-publish","4":"has-post-thumbnail","6":"product_brand-remold","7":"product_cat-135","8":"product_cat-205-60-15","9":"product_cat-aro","10":"product_cat-bsf","11":"product_cat-kit","12":"product_cat-medidas","13":"product_cat-pneus","14":"product_cat-remold","15":"product_tag-astral","16":"product_tag-goform","17":"product_tag-kit","18":"product_tag-mercado-livre","19":"product_tag-mercadolivre","20":"product_tag-onyx","21":"product_tag-pirelli","22":"product_tag-pneus","23":"product_tag-pneustone","24":"product_tag-remold","25":"product_tag-tornel","28":"instock","29":"sale","30":"shipping-taxable","31":"purchasable","32":"product-type-simple"},"_links":{"self":[{"href":"https:\/\/khanguru.store\/pneus\/wp-json\/wp\/v2\/product\/5346","targetHints":{"allow":["GET"]}}],"collection":[{"href":"https:\/\/khanguru.store\/pneus\/wp-json\/wp\/v2\/product"}],"about":[{"href":"https:\/\/khanguru.store\/pneus\/wp-json\/wp\/v2\/types\/product"}],"replies":[{"embeddable":true,"href":"https:\/\/khanguru.store\/pneus\/wp-json\/wp\/v2\/comments?post=5346"}],"version-history":[{"count":0,"href":"https:\/\/khanguru.store\/pneus\/wp-json\/wp\/v2\/product\/5346\/revisions"}],"wp:featuredmedia":[{"embeddable":true,"href":"https:\/\/khanguru.store\/pneus\/wp-json\/wp\/v2\/media\/5341"}],"wp:attachment":[{"href":"https:\/\/khanguru.store\/pneus\/wp-json\/wp\/v2\/media?parent=5346"}],"wp:term":[{"taxonomy":"product_brand","embeddable":true,"href":"https:\/\/khanguru.store\/pneus\/wp-json\/wp\/v2\/product_brand?post=5346"},{"taxonomy":"product_cat","embeddable":true,"href":"https:\/\/khanguru.store\/pneus\/wp-json\/wp\/v2\/product_cat?post=5346"},{"taxonomy":"product_tag","embeddable":true,"href":"https:\/\/khanguru.store\/pneus\/wp-json\/wp\/v2\/product_tag?post=5346"}],"curies":[{"name":"wp","href":"https:\/\/api.w.org\/{rel}","templated":true}]}}