{"id":5675,"date":"2025-05-19T23:06:01","date_gmt":"2025-05-20T02:06:01","guid":{"rendered":"https:\/\/khanguru.store\/pneus\/?post_type=product&#038;p=5675"},"modified":"2025-06-28T01:45:16","modified_gmt":"2025-06-28T04:45:16","slug":"pneu-aro-15-roadking-175-65-r15-84h-radial-109","status":"publish","type":"product","link":"https:\/\/khanguru.store\/pneus\/produto\/pneu-aro-15-roadking-175-65-r15-84h-radial-109\/","title":{"rendered":"Pneu 165\/45r16"},"content":{"rendered":"<p class=\"\" style=\"text-align: center;\" data-start=\"106\" data-end=\"152\"><strong data-start=\"106\" data-end=\"152\">Sobre as ofertas de pneus no <span style=\"color: #ff6600;\">ShopShow<\/span> | <span style=\"color: #000080;\">Mercado Livre<\/span><\/strong><\/p>\n<p class=\"\" data-start=\"154\" data-end=\"282\">Atendendo a pedidos, selecionamos e divulgamos os melhores pre\u00e7os em pneus dispon\u00edveis para compra diretamente no Mercado Livre.<\/p>\n<p class=\"\" data-start=\"284\" data-end=\"446\">As compras s\u00e3o realizadas exclusivamente atrav\u00e9s do <strong data-start=\"336\" data-end=\"369\">site oficial do Mercado Livre<\/strong>, garantindo toda a seguran\u00e7a, suporte e garantia oferecidos pela plataforma.<\/p>\n<p class=\"\" data-start=\"448\" data-end=\"672\">As promo\u00e7\u00f5es divulgadas aqui s\u00e3o din\u00e2micas e podem sofrer altera\u00e7\u00f5es de pre\u00e7o sem aviso pr\u00e9vio. Por isso, este site <strong data-start=\"564\" data-end=\"614\">n\u00e3o se responsabiliza pelos valores anunciados<\/strong>, j\u00e1 que os links direcionam diretamente ao Mercado Livre.<\/p>\n<p class=\"\" data-start=\"674\" data-end=\"840\">Nosso papel \u00e9 <strong data-start=\"688\" data-end=\"749\">apenas filtrar e indicar produtos com bom custo-benef\u00edcio<\/strong>, facilitando sua busca. Todas as compras s\u00e3o de <strong data-start=\"798\" data-end=\"839\">inteira responsabilidade do comprador<\/strong>.<\/p>\n<p class=\"\" data-start=\"842\" data-end=\"1006\">Antes de finalizar sua compra, <strong data-start=\"873\" data-end=\"914\">leia atentamente o an\u00fancio do produto<\/strong> e, se necess\u00e1rio, entre em contato com o vendedor no Mercado Livre para esclarecer d\u00favidas.<\/p>\n<p class=\"\" data-start=\"1008\" data-end=\"1061\">As imagens utilizadas s\u00e3o <strong data-start=\"1034\" data-end=\"1060\">meramente ilustrativas<\/strong>.<\/p>\n<p class=\"\" data-start=\"1063\" data-end=\"1179\">Ao continuar navegando e utilizar os links dispon\u00edveis, voc\u00ea declara estar ciente e de acordo com essas informa\u00e7\u00f5es.<\/p>\n<p class=\"\" data-start=\"1181\" data-end=\"1198\"><strong data-start=\"1181\" data-end=\"1198\">Boas compras!<\/strong><\/p>\n<p style=\"text-align: center;\"><span style=\"color: #000080;\"><strong>SHOPSHOW<\/strong><\/span><\/p>\n","protected":false},"excerpt":{"rendered":"<p><span style=\"color: #ff6600;\"><strong><a href=\"https:\/\/mercadolivre.com\/sec\/2MFwh5b\" target=\"_blank\" rel=\"noopener\"><img decoding=\"async\" class=\"alignright wp-image-5564\" src=\"https:\/\/khanguru.store\/pneus\/wp-content\/uploads\/2025\/05\/botao-mercaolivre-dropshiping-gif.gif\" alt=\"\" width=\"211\" height=\"67\" \/><\/a><\/strong><\/span><\/p>\n<ul>\n<li>\n<h5 class=\"ui-pdp-title\">Pneus Novos\u00a0165\/45r16<\/h5>\n<\/li>\n<li>\n<h6><span style=\"font-size: 16px;\">Delinte Aro 16\u00a0 <\/span>\u00a0<span style=\"font-size: 16px;\">74v Ds2<\/span><\/h6>\n<\/li>\n<\/ul>\n<p style=\"text-align: center;\"><span style=\"color: #ff6600;\"><strong>\u00a0 \u00a0 \u00a0 \u00a0\u00a0<\/strong><\/span><\/p>\n","protected":false},"featured_media":5697,"comment_status":"open","ping_status":"closed","template":"","meta":[],"product_brand":[],"product_cat":[136,229,132,228,93,92,225,84,50],"product_tag":[165,163,218,146,161,166,152,147,160,216,164],"class_list":{"0":"post-5675","1":"product","2":"type-product","3":"status-publish","4":"has-post-thumbnail","6":"product_cat-136","7":"product_cat-165-45-16","8":"product_cat-aro","9":"product_cat-delinte","10":"product_cat-marcas","11":"product_cat-medidas","12":"product_cat-mercado-livre","13":"product_cat-novos","14":"product_cat-pneus","15":"product_tag-astral","16":"product_tag-goform","17":"product_tag-kit","18":"product_tag-mercado-livre","19":"product_tag-mercadolivre","20":"product_tag-onyx","21":"product_tag-pirelli","22":"product_tag-pneus","23":"product_tag-pneustone","24":"product_tag-remold","25":"product_tag-tornel","28":"instock","29":"sale","30":"shipping-taxable","31":"purchasable","32":"product-type-simple"},"_links":{"self":[{"href":"https:\/\/khanguru.store\/pneus\/wp-json\/wp\/v2\/product\/5675","targetHints":{"allow":["GET"]}}],"collection":[{"href":"https:\/\/khanguru.store\/pneus\/wp-json\/wp\/v2\/product"}],"about":[{"href":"https:\/\/khanguru.store\/pneus\/wp-json\/wp\/v2\/types\/product"}],"replies":[{"embeddable":true,"href":"https:\/\/khanguru.store\/pneus\/wp-json\/wp\/v2\/comments?post=5675"}],"version-history":[{"count":6,"href":"https:\/\/khanguru.store\/pneus\/wp-json\/wp\/v2\/product\/5675\/revisions"}],"predecessor-version":[{"id":5700,"href":"https:\/\/khanguru.store\/pneus\/wp-json\/wp\/v2\/product\/5675\/revisions\/5700"}],"wp:featuredmedia":[{"embeddable":true,"href":"https:\/\/khanguru.store\/pneus\/wp-json\/wp\/v2\/media\/5697"}],"wp:attachment":[{"href":"https:\/\/khanguru.store\/pneus\/wp-json\/wp\/v2\/media?parent=5675"}],"wp:term":[{"taxonomy":"product_brand","embeddable":true,"href":"https:\/\/khanguru.store\/pneus\/wp-json\/wp\/v2\/product_brand?post=5675"},{"taxonomy":"product_cat","embeddable":true,"href":"https:\/\/khanguru.store\/pneus\/wp-json\/wp\/v2\/product_cat?post=5675"},{"taxonomy":"product_tag","embeddable":true,"href":"https:\/\/khanguru.store\/pneus\/wp-json\/wp\/v2\/product_tag?post=5675"}],"curies":[{"name":"wp","href":"https:\/\/api.w.org\/{rel}","templated":true}]}}